{"id":130,"date":"2023-08-24T18:12:10","date_gmt":"2023-08-24T18:12:10","guid":{"rendered":"https:\/\/cortinasya.com\/?page_id=130"},"modified":"2024-02-06T13:33:23","modified_gmt":"2024-02-06T13:33:23","slug":"cortinas-aislantes-de-ruido-la-solucion-para-un-hogar-tranquilo-y-confortable","status":"publish","type":"page","link":"https:\/\/cortinasya.com\/index.php\/cortinas-aislantes-de-ruido-la-solucion-para-un-hogar-tranquilo-y-confortable\/","title":{"rendered":"Cortinas Aislantes del Ruido"},"content":{"rendered":"\n<p>\u00bfAlguna vez has deseado poder escapar del ruido constante y disfrutar de la paz en tu propio hogar? Las cortinas aislantes de ruido son la respuesta que est\u00e1s buscando. <br>Las cortinas est\u00e1n pensadas para tapar la luz y evitar que nos vean desde fuera, pero tambi\u00e9n existen una variedad de cortinas que nos aislan del ruido o insonoras, estas te pueden ayudar a evitar tanto los ruidos de fuera como los de dentro, por ejemplo el eco.<\/p>\n\n\n\n<figure class=\"wp-block-image size-large\"><img loading=\"lazy\" decoding=\"async\" width=\"682\" height=\"1024\" src=\"https:\/\/cortinasya.com\/wp-content\/uploads\/2023\/08\/table-ga32dd6ef6_1280-1-682x1024.jpg\" alt=\"\" class=\"wp-image-180\" srcset=\"https:\/\/cortinasya.com\/wp-content\/uploads\/2023\/08\/table-ga32dd6ef6_1280-1-682x1024.jpg 682w, https:\/\/cortinasya.com\/wp-content\/uploads\/2023\/08\/table-ga32dd6ef6_1280-1-200x300.jpg 200w, https:\/\/cortinasya.com\/wp-content\/uploads\/2023\/08\/table-ga32dd6ef6_1280-1-768x1152.jpg 768w, https:\/\/cortinasya.com\/wp-content\/uploads\/2023\/08\/table-ga32dd6ef6_1280-1.jpg 853w\" sizes=\"(max-width: 682px) 100vw, 682px\" \/><\/figure>\n\n\n\n<h2 class=\"wp-block-heading\">\u00bfPor qu\u00e9 el Ruido es un Problema en el Hogar?<\/h2>\n\n\n\n<p>Vivimos en un mundo lleno de ruidos, desde el tr\u00e1fico en la calle hasta los vecinos ruidosos. El ruido no solo es molesto, sino que tambi\u00e9n puede tener efectos negativos en nuestra salud y bienestar, como corroboran cada vez m\u00e1s estudios, tanto los ruidos de la calle como los ruidos mas cotidianos a la larga pueden tener efectos muy negativos en nuestra salud, por ejemplo el estractor de la cocina, el ruido del ordenador etc..<\/p>\n\n\n\n<p>Con las cortinas insonorizantes, puedes reducir eficazmente el ruido en tu hogar o lugar de trabajo. Son altamente recomendables en estudios, cines o teatros para mitigar el ruido de fondo y eliminar el ruido primario.<\/p>\n\n\n\n<h2 class=\"wp-block-heading\">Beneficios de Utilizar Cortinas Aislantes<\/h2>\n\n\n\n<ul>\n<li><strong>Mayor Confort<\/strong>: Al reducir el ruido exterior, las cortinas aislantes crean un entorno m\u00e1s c\u00f3modo y relajante en tu hogar. Puedes disfrutar de una mejor calidad de sue\u00f1o y mayor tranquilidad en general.<\/li>\n\n\n\n<li><strong>Mejor Concentraci\u00f3n<\/strong>: Si trabajas o estudias desde casa, las cortinas aislantes te ayudar\u00e1n a mantener el enfoque al minimizar las distracciones sonoras.<\/li>\n\n\n\n<li><strong>Protecci\u00f3n de la Privacidad<\/strong>: Las cortinas aislantes no solo bloquean el ruido, sino que tambi\u00e9n evitan que los sonidos del interior se propaguen al exterior, brind\u00e1ndote mayor privacidad.<\/li>\n<\/ul>\n\n\n\n<h2 class=\"wp-block-heading\">C\u00f3mo Elegir las Mejores Cortinas Aislantes de Ruido<\/h2>\n\n\n\n<ol>\n<li><strong>Material de Calidad<\/strong>: Busca cortinas hechas de materiales gruesos y pesados, como terciopelo o tejidos especiales dise\u00f1ados para la absorci\u00f3n ac\u00fastica.<br>En cuanto a los tejidos acusticos\u00a0lo imprescindible es que sean<strong>\u00a0espec\u00edficos y homologados\u00a0<\/strong>para tal efecto.<br>Seg\u00fan Ikea es por\u00a0<strong>la combinaci\u00f3n del hilo de chenilla y el trenzado especial del tejido<\/strong>, que hace que la cortina absorba el sonido.<\/li>\n\n\n\n<li><strong>Capas de Aislamiento<\/strong>: Cuantas m\u00e1s capas tenga la cortina, mejor ser\u00e1 su capacidad para bloquear el ruido. Algunas <a href=\"https:\/\/cortinasya.com\/index.php\/cortinas-para-salon-transformando-tu-espacio-con-estilo-y-elegancia\/\" title=\"Cortinas para Sal\u00f3n\">cortinas<\/a> aislantes cuentan con varias capas para un rendimiento \u00f3ptimo.<br>En general funcionar\u00e1n mejor cuanto m\u00e1s gruesas o densos sean. Tambi\u00e9n los tejidos compuestos por la superposici\u00f3n de capas de diferentes tramas contribuyen a amortiguar la propagaci\u00f3n de las ondas sonoras.<\/li>\n\n\n\n<li><strong>Medidas Precisas<\/strong>: Aseg\u00farate de que las cortinas se ajusten perfectamente a tus ventanas, cubriendo tanto el \u00e1rea del vidrio como los marcos para minimizar la filtraci\u00f3n de ruido.<br><strong>El mejor resultado en cuanto a absorci\u00f3n, es cuando se forman los pliegues a 9-15 cent\u00edmetros de la pared<\/strong>. Dejando estos pliegues entre la pared y las cortinas es donde desde se calculada que se obtienen mejores cifras.<\/li>\n<\/ol>\n\n\n\n<h2 class=\"wp-block-heading\">Conclusi\u00f3n<\/h2>\n\n\n\n<p>Las cortinas aislantes de ruido son una inversi\u00f3n valiosa para transformar tu hogar en un espacio sereno y relajante. Al bloquear el ruido no deseado, estas cortinas te permiten disfrutar de una mayor calidad de vida y bienestar. Ya sea que vivas en una zona con mucho tr\u00e1fico o simplemente desees crear un ambiente m\u00e1s tranquilo, las cortinas aislantes son una soluci\u00f3n efectiva y sencilla. \u00a1Opta por el confort ac\u00fastico y convierte tu hogar en un oasis de paz y tranquilidad!<\/p>\n","protected":false},"excerpt":{"rendered":"<p>\u00bfAlguna vez has deseado poder escapar del ruido constante y disfrutar de la paz en tu propio hogar? Las cortinas aislantes de ruido son la respuesta que est\u00e1s buscando. Las cortinas est\u00e1n pensadas para tapar la luz y evitar que nos vean desde fuera, pero tambi\u00e9n existen una variedad de cortinas que nos aislan del [&hellip;]<\/p>\n","protected":false},"author":1,"featured_media":0,"parent":0,"menu_order":0,"comment_status":"closed","ping_status":"closed","template":"","meta":{"site-sidebar-layout":"default","site-content-layout":"","ast-site-content-layout":"default","site-content-style":"default","site-sidebar-style":"default","ast-global-header-display":"","ast-banner-title-visibility":"","ast-main-header-display":"","ast-hfb-above-header-display":"","ast-hfb-below-header-display":"","ast-hfb-mobile-header-display":"","site-post-title":"","ast-breadcrumbs-content":"","ast-featured-img":"","footer-sml-layout":"","theme-transparent-header-meta":"","adv-header-id-meta":"","stick-header-meta":"","header-above-stick-meta":"","header-main-stick-meta":"","header-below-stick-meta":"","astra-migrate-meta-layouts":"set","ast-page-background-enabled":"default","ast-page-background-meta":{"desktop":{"background-color":"var(--ast-global-color-4)","background-image":"","background-repeat":"repeat","background-position":"center center","background-size":"auto","background-attachment":"scroll","background-type":"","background-media":"","overlay-type":"","overlay-color":"","overlay-gradient":""},"tablet":{"background-color":"","background-image":"","background-repeat":"repeat","background-position":"center center","background-size":"auto","background-attachment":"scroll","background-type":"","background-media":"","overlay-type":"","overlay-color":"","overlay-gradient":""},"mobile":{"background-color":"","background-image":"","background-repeat":"repeat","background-position":"center center","background-size":"auto","background-attachment":"scroll","background-type":"","background-media":"","overlay-type":"","overlay-color":"","overlay-gradient":""}},"ast-content-background-meta":{"desktop":{"background-color":"var(--ast-global-color-5)","background-image":"","background-repeat":"repeat","background-position":"center center","background-size":"auto","background-attachment":"scroll","background-type":"","background-media":"","overlay-type":"","overlay-color":"","overlay-gradient":""},"tablet":{"background-color":"var(--ast-global-color-5)","background-image":"","background-repeat":"repeat","background-position":"center center","background-size":"auto","background-attachment":"scroll","background-type":"","background-media":"","overlay-type":"","overlay-color":"","overlay-gradient":""},"mobile":{"background-color":"var(--ast-global-color-5)","background-image":"","background-repeat":"repeat","background-position":"center center","background-size":"auto","background-attachment":"scroll","background-type":"","background-media":"","overlay-type":"","overlay-color":"","overlay-gradient":""}},"footnotes":""},"aioseo_notices":[],"_links":{"self":[{"href":"https:\/\/cortinasya.com\/index.php\/wp-json\/wp\/v2\/pages\/130"}],"collection":[{"href":"https:\/\/cortinasya.com\/index.php\/wp-json\/wp\/v2\/pages"}],"about":[{"href":"https:\/\/cortinasya.com\/index.php\/wp-json\/wp\/v2\/types\/page"}],"author":[{"embeddable":true,"href":"https:\/\/cortinasya.com\/index.php\/wp-json\/wp\/v2\/users\/1"}],"replies":[{"embeddable":true,"href":"https:\/\/cortinasya.com\/index.php\/wp-json\/wp\/v2\/comments?post=130"}],"version-history":[{"count":9,"href":"https:\/\/cortinasya.com\/index.php\/wp-json\/wp\/v2\/pages\/130\/revisions"}],"predecessor-version":[{"id":486,"href":"https:\/\/cortinasya.com\/index.php\/wp-json\/wp\/v2\/pages\/130\/revisions\/486"}],"wp:attachment":[{"href":"https:\/\/cortinasya.com\/index.php\/wp-json\/wp\/v2\/media?parent=130"}],"curies":[{"name":"wp","href":"https:\/\/api.w.org\/{rel}","templated":true}]}}